{"id":2059,"date":"2019-11-21T08:34:34","date_gmt":"2019-11-21T08:34:34","guid":{"rendered":"https:\/\/unleder.com\/staging\/?post_type=product&#038;p=2059"},"modified":"2022-11-20T09:01:27","modified_gmt":"2022-11-20T09:01:27","slug":"korko-brown-in-sughero","status":"publish","type":"product","link":"https:\/\/unleder.com\/staging\/prodotto\/korko-brown-in-sughero\/","title":{"rendered":"Korko Brown, Portafoglio Vegan in Sughero"},"content":{"rendered":"<p><span class=\"a-list-item\">\ud83e\ude73 <strong><span style=\"color: #a3744e;\">[COMPATTO]<\/span><\/strong> (10 x 7 x 2,5 cm) \u2013 il porta carte di credito schermato contiene fino a 6 carte. Un meccanismo impedisce la caduta anche se capovolto e consente una facile estrazione delle tessere. Porta carte credito uomo facilmente maneggevole. Con 2 ulteriori tasche interne portacarte. Il portafoglio uomo piccolo \u00e8 comodo da tenere nella tasca davanti dei pantaloni ed evita il mal di schiena che insorge nel tenere il portafoglio nella tasca posteriore.<\/span><\/p>\n<p><span class=\"a-list-item\">\ud83c\udf0e <strong><span style=\"color: #a3744e;\">[ECOLOGICO]<\/span><\/strong> \u2013 Il porta carte di credito e fermasoldi \u00e8 realizzato in morbido sughero portoghese, alluminio e clip portabanconote in carta kraft. Abbiamo scelto la carta kraft perch\u00e9 \u00e8 molto pi\u00f9 RESISTENTE, duratura ed ecologica della plastica, non si rompe e non si deteriora con l\u2019uso prolungato. Il sughero \u00e8 soffice al tatto, impermeabile e resistente. Senza pelle animale e senza pelle sintetica \u00e8 anche un portafoglio donna piccolo vegan che si adatta a tutte le tasche ed \u00e8 invisibile.<\/span><\/p>\n<p><span class=\"a-list-item\">\ud83d\udcb3 <span style=\"color: #a3744e;\"><strong>[BLOCCO RFID]<\/strong><\/span> \u2013 porta carte di credito anti-frode e dotato di protezione RFID che impedisce il furto dei dati personali. Il porta tessere mette al sicuro da contraffazione e clonazione le carte inserite. E\u2019 uno smart wallet moderno, perfetto come regalo uomo e regalo donna.<\/span><\/p>\n<p><span class=\"a-list-item\">\u2642\u2640 <span style=\"color: #a3744e;\"><strong>[UNISEX]<\/strong><\/span> &#8211; Il portafoglio slim \u00e8 Unisex ed \u00e8 indicato sia come portafoglio donna che portafoglio uomo. E\u2019 elegante, raffinato e minimale e pu\u00f2 essere portato nella borsa o nella tasca dei pantaloni.<\/span><\/p>\n<p><span class=\"a-list-item\">\ud83d\ude42 <span style=\"color: #a3744e;\"><strong>GARANZIA SODDISFATTO O RIMBORSATO<\/strong><\/span> &#8211; Se non sei soddisfatto del nostro portafoglio slim o se ne hai ricevuto uno con qualche difetto, te lo rimborsiamo o se preferisci lo sostituiamo. Sar\u00e0 sufficiente che ci contatti attraverso i nostri canali.<\/span><\/p>\n","protected":false},"excerpt":{"rendered":"<p>Smart Wallet Vegan in sughero con blocco RFID<\/p>\n","protected":false},"featured_media":2295,"comment_status":"open","ping_status":"closed","template":"","meta":{"_et_pb_use_builder":"","_et_pb_old_content":"","_et_gb_content_width":""},"product_cat":[22],"product_tag":[23,24],"_links":{"self":[{"href":"https:\/\/unleder.com\/staging\/wp-json\/wp\/v2\/product\/2059"}],"collection":[{"href":"https:\/\/unleder.com\/staging\/wp-json\/wp\/v2\/product"}],"about":[{"href":"https:\/\/unleder.com\/staging\/wp-json\/wp\/v2\/types\/product"}],"replies":[{"embeddable":true,"href":"https:\/\/unleder.com\/staging\/wp-json\/wp\/v2\/comments?post=2059"}],"wp:featuredmedia":[{"embeddable":true,"href":"https:\/\/unleder.com\/staging\/wp-json\/wp\/v2\/media\/2295"}],"wp:attachment":[{"href":"https:\/\/unleder.com\/staging\/wp-json\/wp\/v2\/media?parent=2059"}],"wp:term":[{"taxonomy":"product_cat","embeddable":true,"href":"https:\/\/unleder.com\/staging\/wp-json\/wp\/v2\/product_cat?post=2059"},{"taxonomy":"product_tag","embeddable":true,"href":"https:\/\/unleder.com\/staging\/wp-json\/wp\/v2\/product_tag?post=2059"}],"curies":[{"name":"wp","href":"https:\/\/api.w.org\/{rel}","templated":true}]}}