{"id":2084,"date":"2022-11-15T10:40:28","date_gmt":"2022-11-15T10:40:28","guid":{"rendered":"https:\/\/unleder.com\/staging\/?page_id=2084"},"modified":"2022-11-15T10:54:28","modified_gmt":"2022-11-15T10:54:28","slug":"spedizioni","status":"publish","type":"page","link":"https:\/\/unleder.com\/staging\/spedizioni\/","title":{"rendered":"Spedizioni"},"content":{"rendered":"<p>[et_pb_section fb_built=&#8221;1&#8243; _builder_version=&#8221;4.14.7&#8243; _module_preset=&#8221;default&#8221; custom_padding=&#8221;40px|||||&#8221; global_colors_info=&#8221;{}&#8221;][et_pb_row _builder_version=&#8221;4.14.7&#8243; _module_preset=&#8221;default&#8221; global_colors_info=&#8221;{}&#8221;][et_pb_column type=&#8221;4_4&#8243; _builder_version=&#8221;4.14.7&#8243; _module_preset=&#8221;default&#8221; global_colors_info=&#8221;{}&#8221;][et_pb_text _builder_version=&#8221;4.14.7&#8243; _module_preset=&#8221;default&#8221; text_font=&#8221;Montserrat||||||||&#8221; text_text_color=&#8221;#747d88&#8243; text_font_size=&#8221;15px&#8221; header_3_font=&#8221;Montserrat|600|||||||&#8221; header_3_text_color=&#8221;#747d88&#8243; header_3_font_size=&#8221;25px&#8221; global_colors_info=&#8221;{}&#8221;]<\/p>\n<h3><strong>Spedizioni<\/strong><\/h3>\n<p>Le consegne avvengono <strong>solamente sul suolo italiano<\/strong> a mezzo corriere SDA e vengono effettuate durante i consueti orari lavorativi dei corrieri incaricati, all&#8217;indirizzo indicato dall\u2019Utente e secondo le modalit\u00e0 specificate nel riepilogo dell\u2019ordine.<\/p>\n<p>I pacchi vengono lavorati dopo la conferma di avvenuto pagamento (generalmente il giorno successivo). I tempi di consegna dipendono dal corriere e <strong>dalla notifica di spedizione del pacco<\/strong> sono in genere necessarie 24-48h. Sono necessarie invece 48-72h per le isole e i CAP disagiati (vedi cartina).<\/p>\n<p>[\/et_pb_text][\/et_pb_column][\/et_pb_row][et_pb_row _builder_version=&#8221;4.14.7&#8243; _module_preset=&#8221;default&#8221; global_colors_info=&#8221;{}&#8221;][et_pb_column type=&#8221;4_4&#8243; _builder_version=&#8221;4.14.7&#8243; _module_preset=&#8221;default&#8221; global_colors_info=&#8221;{}&#8221;][et_pb_image src=&#8221;https:\/\/unleder.com\/staging\/wp-content\/uploads\/2022\/11\/mappa-spedizioni.webp&#8221; title_text=&#8221;mappa-spedizioni&#8221; align=&#8221;center&#8221; _builder_version=&#8221;4.14.7&#8243; _module_preset=&#8221;default&#8221; max_height=&#8221;375px&#8221; global_colors_info=&#8221;{}&#8221;][\/et_pb_image][\/et_pb_column][\/et_pb_row][et_pb_row _builder_version=&#8221;4.14.7&#8243; _module_preset=&#8221;default&#8221; global_colors_info=&#8221;{}&#8221;][et_pb_column type=&#8221;4_4&#8243; _builder_version=&#8221;4.14.7&#8243; _module_preset=&#8221;default&#8221; global_colors_info=&#8221;{}&#8221;][et_pb_text _builder_version=&#8221;4.14.7&#8243; _module_preset=&#8221;default&#8221; text_font=&#8221;Montserrat||||||||&#8221; text_text_color=&#8221;#747d88&#8243; text_font_size=&#8221;15px&#8221; header_3_font=&#8221;Montserrat|600|||||||&#8221; header_3_text_color=&#8221;#747d88&#8243; header_3_font_size=&#8221;25px&#8221; global_colors_info=&#8221;{}&#8221;]<\/p>\n<h3><strong>Costo<\/strong><\/h3>\n<p>La spedizione \u00e8 <strong>gratuita<\/strong>.<\/p>\n<p>[\/et_pb_text][et_pb_text _builder_version=&#8221;4.14.7&#8243; _module_preset=&#8221;default&#8221; text_font=&#8221;Montserrat||||||||&#8221; text_text_color=&#8221;#747d88&#8243; text_font_size=&#8221;15px&#8221; header_3_font=&#8221;Montserrat|600|||||||&#8221; header_3_text_color=&#8221;#747d88&#8243; header_3_font_size=&#8221;25px&#8221; custom_padding=&#8221;||0px|||&#8221; global_colors_info=&#8221;{}&#8221;]<\/p>\n<h3><strong>Consegna<\/strong><\/h3>\n<p><span style=\"text-decoration: underline;\"><strong>Leggere attentamente<\/strong><\/span><span style=\"font-size: medium;\"><strong><span style=\"font-family: Lato;\">\u2757<\/span><\/strong><\/span><\/p>\n<p>\u23e9 La merce viene consegnata dal corriere all&#8217;indirizzo comunicato al momento dell&#8217;ordine.<br \/>\u23e9 Il corriere non \u00e8 tenuto a telefonare prima della consegna.<br \/>\u23e9 Non \u00e8 possibile indicare orari o giorni di consegna.<br \/>\u23e9 Non \u00e8 prevista consegna al piano<br \/>Si consiglia di fornire un indirizzo in cui il corriere possa trovare sempre una presenza. <strong>Dopo 3 tentativi<\/strong> il pacco sar\u00e0 depositato presso il centro SDA pi\u00f9 vicino in cui sar\u00e0 vostro compito andarlo a ritirare. Se <strong>dopo 7 giorni<\/strong> non viene ritirato, il pacco torner\u00e0 al mittente e vi sar\u00e0 restituito l&#8217;importo dell&#8217;ordine <strong>detratto di 8,00\u20ac come valore della spedizione di andata e ritorno<\/strong>.<\/p>\n<p><span style=\"font-size: medium;\"><strong><span style=\"font-family: Lato;\"><\/span><\/strong><\/span><\/p>\n<p>[\/et_pb_text][et_pb_text _builder_version=&#8221;4.14.7&#8243; _module_preset=&#8221;default&#8221; text_font=&#8221;Montserrat||||||||&#8221; text_text_color=&#8221;#747d88&#8243; text_font_size=&#8221;15px&#8221; header_3_font=&#8221;Montserrat|600|||||||&#8221; header_3_text_color=&#8221;#747d88&#8243; header_3_font_size=&#8221;25px&#8221; custom_margin=&#8221;-10px||35px|||&#8221; custom_padding=&#8221;||10px|||&#8221; global_colors_info=&#8221;{}&#8221;]<\/p>\n<h3><strong>Tracking<\/strong><\/h3>\n<p>Al momento della spedizione vi sar\u00e0 fornito sulla mail da voi indicata il tracking della spedizione. Si consiglia di tenere monitorata la spedizione per avere informazioni relative alla presunta data di consegna.<\/p>\n<p>[\/et_pb_text][et_pb_text _builder_version=&#8221;4.14.7&#8243; _module_preset=&#8221;default&#8221; text_font=&#8221;Montserrat||||||||&#8221; text_text_color=&#8221;#747d88&#8243; text_font_size=&#8221;15px&#8221; header_3_font=&#8221;Montserrat|600|||||||&#8221; header_3_text_color=&#8221;#747d88&#8243; header_3_font_size=&#8221;25px&#8221; custom_margin=&#8221;-10px||35px|||&#8221; global_colors_info=&#8221;{}&#8221;]<\/p>\n<h3><strong>Merce danneggiata<\/strong><\/h3>\n<p>Al momento della consegna della merce da parte del corriere, l&#8217;Utente \u00e8 tenuto a controllare che il numero dei colli effettivamente recapitati corrisponda a quello indicato nel documento di trasporto e che l&#8217;imballo dei colli risulti integro in ogni sua parte, non danneggiato, n\u00e9 alterato. L\u2019Utente \u00e8 tenuto a verificare l\u2019imballo specificando nel modulo di consegna eventuali anomalie.<\/p>\n<p>Qualora siano riscontrati eventuali danni evidenti all&#8217;imballo e\/o ai prodotti in esso contenuti o la mancata corrispondenza del numero dei colli, si deve immediatamente contestarli, apponendo nell\u2019apposito spazio la dicitura \u201cAccetto con riserva\u201d e specificando per iscritto il motivo della riserva (es. &#8220;imballo bucato&#8221;, &#8220;imballo schiacciato&#8221;, ecc.) e informando prontamente il Titolare all\u2019indirizzo <a href=\"mailto:info@unleder.com\">info@unleder.com<\/a>.<br \/>Accettando la consegna e firmando la bolla di consegna, non si potr\u00e0 pi\u00f9 opporre alcuna contestazione.<\/p>\n<p>UNLEDER non pu\u00f2 essere ritenuto responsabile per errori nella consegna dovuti a inesattezze o incompletezze nella compilazione dell\u2019ordine d\u2019acquisto da parte dell&#8217;Utente, per danni eventualmente occorsi ai prodotti successivamente alla consegna al vettore o per ritardi nella consegna ad esso imputabili.<span style=\"font-size: 15px;\">\u00a0<\/span><\/p>\n<p>[\/et_pb_text][et_pb_text _builder_version=&#8221;4.14.7&#8243; _module_preset=&#8221;default&#8221; text_font=&#8221;Montserrat||||||||&#8221; text_text_color=&#8221;#747d88&#8243; text_font_size=&#8221;15px&#8221; header_3_font=&#8221;Montserrat|600|||||||&#8221; header_3_text_color=&#8221;#747d88&#8243; header_3_font_size=&#8221;25px&#8221; custom_margin=&#8221;-10px|||||&#8221; custom_padding=&#8221;||10px|||&#8221; global_colors_info=&#8221;{}&#8221;]<\/p>\n<h3><strong>Reso<\/strong><\/h3>\n<p>Per le politiche e modalit\u00e0 di reso si faccia riferimento all&#8217;ART. 12 dei <a href=\"https:\/\/www.unleder.com\/termini-e-condizioni\/\">Termini e condizioni<\/a>.<\/p>\n<p>[\/et_pb_text][\/et_pb_column][\/et_pb_row][\/et_pb_section]<\/p>\n","protected":false},"excerpt":{"rendered":"<p>Spedizioni Le consegne avvengono solamente sul suolo italiano a mezzo corriere SDA e vengono effettuate durante i consueti orari lavorativi dei corrieri incaricati, all&#8217;indirizzo indicato dall\u2019Utente e secondo le modalit\u00e0 specificate nel riepilogo dell\u2019ordine. I pacchi vengono lavorati dopo la conferma di avvenuto pagamento (generalmente il giorno successivo). I tempi di consegna dipendono dal corriere [&hellip;]<\/p>\n","protected":false},"author":1,"featured_media":0,"parent":0,"menu_order":0,"comment_status":"closed","ping_status":"closed","template":"","meta":{"_et_pb_use_builder":"on","_et_pb_old_content":"","_et_gb_content_width":""},"_links":{"self":[{"href":"https:\/\/unleder.com\/staging\/wp-json\/wp\/v2\/pages\/2084"}],"collection":[{"href":"https:\/\/unleder.com\/staging\/wp-json\/wp\/v2\/pages"}],"about":[{"href":"https:\/\/unleder.com\/staging\/wp-json\/wp\/v2\/types\/page"}],"author":[{"embeddable":true,"href":"https:\/\/unleder.com\/staging\/wp-json\/wp\/v2\/users\/1"}],"replies":[{"embeddable":true,"href":"https:\/\/unleder.com\/staging\/wp-json\/wp\/v2\/comments?post=2084"}],"version-history":[{"count":5,"href":"https:\/\/unleder.com\/staging\/wp-json\/wp\/v2\/pages\/2084\/revisions"}],"predecessor-version":[{"id":2112,"href":"https:\/\/unleder.com\/staging\/wp-json\/wp\/v2\/pages\/2084\/revisions\/2112"}],"wp:attachment":[{"href":"https:\/\/unleder.com\/staging\/wp-json\/wp\/v2\/media?parent=2084"}],"curies":[{"name":"wp","href":"https:\/\/api.w.org\/{rel}","templated":true}]}}